{"id":187,"date":"2014-11-26T15:52:30","date_gmt":"2014-11-26T15:52:30","guid":{"rendered":"https:\/\/www.alvaromoraes.com.br\/layout\/?page_id=187"},"modified":"2015-01-20T15:03:21","modified_gmt":"2015-01-20T15:03:21","slug":"areas-de-atuacao","status":"publish","type":"page","link":"https:\/\/www.alvaromoraes.com.br\/layout\/?page_id=187","title":{"rendered":"\u00c1reas de Atua\u00e7\u00e3o"},"content":{"rendered":"","protected":false},"excerpt":{"rendered":"","protected":false},"author":1,"featured_media":303,"parent":0,"menu_order":3,"comment_status":"open","ping_status":"open","template":"page-template-team.php","meta":[],"_links":{"self":[{"href":"https:\/\/www.alvaromoraes.com.br\/layout\/index.php?rest_route=\/wp\/v2\/pages\/187"}],"collection":[{"href":"https:\/\/www.alvaromoraes.com.br\/layout\/index.php?rest_route=\/wp\/v2\/pages"}],"about":[{"href":"https:\/\/www.alvaromoraes.com.br\/layout\/index.php?rest_route=\/wp\/v2\/types\/page"}],"author":[{"embeddable":true,"href":"https:\/\/www.alvaromoraes.com.br\/layout\/index.php?rest_route=\/wp\/v2\/users\/1"}],"replies":[{"embeddable":true,"href":"https:\/\/www.alvaromoraes.com.br\/layout\/index.php?rest_route=%2Fwp%2Fv2%2Fcomments&post=187"}],"version-history":[{"count":1,"href":"https:\/\/www.alvaromoraes.com.br\/layout\/index.php?rest_route=\/wp\/v2\/pages\/187\/revisions"}],"predecessor-version":[{"id":188,"href":"https:\/\/www.alvaromoraes.com.br\/layout\/index.php?rest_route=\/wp\/v2\/pages\/187\/revisions\/188"}],"wp:featuredmedia":[{"embeddable":true,"href":"https:\/\/www.alvaromoraes.com.br\/layout\/index.php?rest_route=\/wp\/v2\/media\/303"}],"wp:attachment":[{"href":"https:\/\/www.alvaromoraes.com.br\/layout\/index.php?rest_route=%2Fwp%2Fv2%2Fmedia&parent=187"}],"curies":[{"name":"wp","href":"https:\/\/api.w.org\/{rel}","templated":true}]}}